{"id":161,"date":"2019-12-12T10:18:25","date_gmt":"2019-12-12T09:18:25","guid":{"rendered":"https:\/\/botam.eu\/o-nas\/"},"modified":"2026-02-19T13:36:12","modified_gmt":"2026-02-19T12:36:12","slug":"uber-uns","status":"publish","type":"page","link":"https:\/\/botam.eu\/de\/uber-uns\/","title":{"rendered":"\u00dcber uns"},"content":{"rendered":"\n<div class=\"alignfull wp-block-ugb-container ugb-container ugb-a83c463 ugb-container--v2 ugb-container--design-basic ugb-container--width-small ugb-main-block ugb-main-block--inner-center ugb--has-block-background\" id=\"\"><style>.ugb-a83c463 .ugb-a83c463-wrapper.ugb-container__wrapper{border-radius:0px !important;background-color:#ff6300 !important}.ugb-a83c463 .ugb-a83c463-wrapper.ugb-container__wrapper:before{background-color:#ff6300 !important}.ugb-a83c463 .ugb-a83c463-content-wrapper > h1,.ugb-a83c463 .ugb-a83c463-content-wrapper > h2,.ugb-a83c463 .ugb-a83c463-content-wrapper > h3,.ugb-a83c463 .ugb-a83c463-content-wrapper > h4,.ugb-a83c463 .ugb-a83c463-content-wrapper > h5,.ugb-a83c463 .ugb-a83c463-content-wrapper > h6{color:#222222}.ugb-a83c463 .ugb-a83c463-content-wrapper > p,.ugb-a83c463 .ugb-a83c463-content-wrapper > ol li,.ugb-a83c463 .ugb-a83c463-content-wrapper > ul li{color:#222222}.ugb-a83c463.ugb-container{background-color:#ff6300}.ugb-a83c463.ugb-container:before{background-color:#ff6300}<\/style><div class=\"ugb-inner-block\"><div class=\"ugb-block-content\"><div class=\"ugb-container__wrapper ugb-a83c463-wrapper ugb--shadow-0\"><div class=\"ugb-container__side\"><div class=\"ugb-container__content-wrapper ugb-a83c463-content-wrapper\">\n\n<h1 class=\"wp-block-heading\" style=\"text-align:center\" id=\"warum-botam\"><span style=\"color: #ffffff;\" class=\"ugb-highlight\">In 15 Jahren haben wir Millionen von Kilometern zur\u00fcckgelegt, und expandieren laufend weiter.<\/span><\/h1>\n\n    <div id=\"botam-timeline-block_5e412234971cd\" class=\"botam-block botam-block--timeline\">\n        <div class=\"botam-block--timeline__inner-container\">\n            <ol class=\"list list--timeline\">\n                                <li class=\"item\">\n                    <strong>2004<\/strong>\n                    <p>Realisierung des ersten Transportauftrags im Just In Time- System f\u00fcr einen B2B- Kunden in Polen\u2028<\/p>\n                <\/li>\n                                <li class=\"item\">\n                    <strong>2009<\/strong>\n                    <p>Flottenerweiterung und Umsetzung der ersten Auftr\u00e4ge in europ\u00e4ischen L\u00e4ndern\u2028<\/p>\n                <\/li>\n                                <li class=\"item\">\n                    <strong>2015<\/strong>\n                    <p>Einf\u00fchrung eines Qualit\u00e4tsmanagementsystems &#8211; ISO 9001 Zertifikat\u2028<\/p>\n                <\/li>\n                                <li class=\"item\">\n                    <strong>2019<\/strong>\n                    <p>Implementierung des Sicherheitsmanagementsystems f\u00fcr die Lieferkette &#8211; ISO 28000- Zertifikat<\/p>\n                <\/li>\n                            <\/ol>\n        <\/div>\n    <\/div>\n\t\n<\/div><\/div><\/div><\/div><\/div><\/div>\n\n\n\n<h2 class=\"wp-block-heading has-text-align-center\" id=\"botam-qualitat\">Die QUALIT\u00c4T von EXPRESS BOTAM<\/h2>\n\n\n\n<p class=\"has-text-align-center has-medium-font-size\"><strong>wird durch ISO- Zertifikate best\u00e4tigt<\/strong><\/p>\n\n\n\n<div class=\"wp-block-columns has-2-columns is-layout-flex wp-container-core-columns-is-layout-9d6595d7 wp-block-columns-is-layout-flex\">\n<div class=\"wp-block-column is-layout-flow wp-block-column-is-layout-flow\"><div class=\"wp-block-image\">\n<figure class=\"aligncenter size-full is-resized\"><img loading=\"lazy\" decoding=\"async\" width=\"280\" height=\"150\" src=\"https:\/\/botam.eu\/wp-content\/uploads\/2026\/02\/iso9001nowy.png\" alt=\"\" class=\"wp-image-604\" style=\"height:120px\"\/><\/figure>\n<\/div>\n\n\n<h3 class=\"wp-block-heading has-text-align-center\">ISO 9001 <\/h3>\n\n\n\n<p class=\"has-text-align-center\">Es best\u00e4tigt, dass wir ein wiederholbares und bew\u00e4hrtes Qualit\u00e4tsmanagementsystem verwenden, das auf kontinuierlicher Verbesserung und kundenorientierter Arbeit basiert. Dies ist eine Garantie f\u00fcr einen qualitativ hochwertigen Service f\u00fcr unsere Kunden.<\/p>\n<\/div>\n\n\n\n<div class=\"wp-block-column is-layout-flow wp-block-column-is-layout-flow\"><div class=\"wp-block-image\">\n<figure class=\"aligncenter is-resized\"><img loading=\"lazy\" decoding=\"async\" width=\"280\" height=\"150\" src=\"https:\/\/botam.eu\/wp-content\/uploads\/2019\/12\/iso28000.png\" alt=\"\" class=\"wp-image-71\" style=\"height:120px\"\/><\/figure>\n<\/div>\n\n\n<h3 class=\"wp-block-heading has-text-align-center\">ISO 28000<\/h3>\n\n\n\n<p class=\"has-text-align-center\">Dies best\u00e4tigt, dass wir als Transportunternehmen \u00fcber ein Supply Chain Security Management System verf\u00fcgen, d.h. \u00fcber Kontrollma\u00dfnahmen zur Begrenzung der Bedrohungen f\u00fcr die Sicherheit der Lieferkette, zur Gew\u00e4hrleistung der Sicherheit von Personen, zum Schutz von Waren und Dienstleistungen.<\/p>\n<\/div>\n<\/div>\n\n\n\n<h2 class=\"wp-block-heading has-text-align-center\" id=\"team\">EXPRESS-BOTAM<\/h2>\n\n\n\n<p class=\"has-text-align-center has-medium-font-size\"><strong>ist ein eingespieltes Team von erfahrenen Fachleuten, die sich t\u00e4glich um die p\u00fcnktliche Lieferung der Sendungen in Polen und Europa k\u00fcmmern<\/strong><\/p>\n\n\n\n<div class=\"wp-block-columns has-2-columns is-layout-flex wp-container-core-columns-is-layout-9d6595d7 wp-block-columns-is-layout-flex\">\n<div class=\"wp-block-column is-layout-flow wp-block-column-is-layout-flow\">\n<h3 class=\"wp-block-heading\">EXPRESS BOTAM Kraftfahrer<\/h3>\n\n\n\n<p>Unsere St\u00e4rke sind hochqualifizierte Fahrer, mit umfangreicher Berufserfahrung.<\/p>\n\n\n\n<p>Ihre gro\u00dfe Erfahrung und ihr echtes Engagement garantieren, dass Ihr Paket in guten H\u00e4nden ist und Just In Time ankommt.<\/p>\n\n\n\n<p>Unsere Fahrer verf\u00fcgen \u00fcber g\u00fcltige Zertifikate f\u00fcr den Gefahreng\u00fctertransport ADR, weshalb wir so gut wie jede Sendung bef\u00f6rdern k\u00f6nnen.<\/p>\n<\/div>\n\n\n\n<div class=\"wp-block-column is-layout-flow wp-block-column-is-layout-flow\">\n<h3 class=\"wp-block-heading\">EXPRESS BOTAM Spediteure<\/h3>\n\n\n\n<p>Unsere Spediteure erhalten t\u00e4glich Dutzende von Auftr\u00e4gen, ermitteln die Einzelheiten des Transports, kalkulieren die Kosten und leiten die jeweiligen Transportauftr\u00e4ge an die Fahrer weiter. Bei nicht standardm\u00e4\u00dfigen Sendungen oder komplexen Transportproblemen stehen wir aufgrund unserer umfangreichen Erfahrung gerne beratend zur Seite.<\/p>\n\n\n\n<p>Jedem Transportauftrag wird ein geeigneter EXPRESS BOTAM-Spediteur zugeordnet. Diesen k\u00f6nnen Sie w\u00e4hrend der Ausf\u00fchrung Ihres Auftrags jederzeit direkt kontaktieren.<\/p>\n<\/div>\n<\/div>\n\n\n\n<figure class=\"wp-block-image alignfull\"><img loading=\"lazy\" decoding=\"async\" width=\"1920\" height=\"620\" src=\"https:\/\/botam.eu\/wp-content\/uploads\/2019\/12\/kierowcy.jpg\" alt=\"\" class=\"wp-image-104\" srcset=\"https:\/\/botam.eu\/wp-content\/uploads\/2019\/12\/kierowcy.jpg 1920w, https:\/\/botam.eu\/wp-content\/uploads\/2019\/12\/kierowcy-300x97.jpg 300w, https:\/\/botam.eu\/wp-content\/uploads\/2019\/12\/kierowcy-768x248.jpg 768w, https:\/\/botam.eu\/wp-content\/uploads\/2019\/12\/kierowcy-1024x331.jpg 1024w\" sizes=\"auto, (max-width: 1920px) 100vw, 1920px\" \/><\/figure>\n\n\n\n<h2 class=\"wp-block-heading has-text-align-center\">Wusstest Du, dass:<\/h2>\n\n\n\n<div class=\"wp-block-columns has-3-columns is-layout-flex wp-container-core-columns-is-layout-9d6595d7 wp-block-columns-is-layout-flex\">\n<div class=\"wp-block-column is-layout-flow wp-block-column-is-layout-flow\"><div class=\"wp-block-image\">\n<figure class=\"aligncenter\"><img loading=\"lazy\" decoding=\"async\" width=\"140\" height=\"140\" src=\"https:\/\/botam.eu\/wp-content\/uploads\/2019\/12\/ico-comments.png\" alt=\"\" class=\"wp-image-61\"\/><\/figure>\n<\/div>\n\n\n<p class=\"has-text-align-center\">Unsere Spediteure sprechen flie\u00dfend Deutsch, Englisch und Italienisch und k\u00f6nnen bei Bedarf die Details eines Transportauftrags direkt mit dem Absender oder Empf\u00e4nger Ihrer Sendung abstimmen.<\/p>\n<\/div>\n\n\n\n<div class=\"wp-block-column is-layout-flow wp-block-column-is-layout-flow\"><div class=\"wp-block-image\">\n<figure class=\"aligncenter\"><img loading=\"lazy\" decoding=\"async\" width=\"140\" height=\"140\" src=\"https:\/\/botam.eu\/wp-content\/uploads\/2019\/12\/ico-thumb.png\" alt=\"\" class=\"wp-image-67\"\/><\/figure>\n<\/div>\n\n\n<p class=\"has-text-align-center\">Die durchschnittliche Betriebszugeh\u00f6rigkeit betr\u00e4gt in unserem Unternehmen mehr als 5 Jahre. F\u00fcr ein Transportunternehmen ist das wirklich viel!<\/p>\n<\/div>\n\n\n\n<div class=\"wp-block-column is-layout-flow wp-block-column-is-layout-flow\"><div class=\"wp-block-image\">\n<figure class=\"aligncenter\"><img loading=\"lazy\" decoding=\"async\" width=\"140\" height=\"140\" src=\"https:\/\/botam.eu\/wp-content\/uploads\/2019\/12\/ico-run.png\" alt=\"\" class=\"wp-image-66\"\/><\/figure>\n<\/div>\n\n\n<p class=\"has-text-align-center\">Wir laufen gerne f\u00fcr die Gesundheit &#8211; nicht nur die eigene &#8211; und Endorphine. Um beides zu kombinieren, nehmen wir an verschiedenen Arten von Wohlt\u00e4tigkeitsl\u00e4ufen teil.<br>2019 haben wir an den Staffeln \u201ePoland Business Run\u201c und \u201eCompany Run\u201c in Wroclaw teilgenommen.<\/p>\n<\/div>\n<\/div>\n\n\n<div class=\"wp-block-image\">\n<figure class=\"aligncenter\"><img loading=\"lazy\" decoding=\"async\" width=\"308\" height=\"94\" src=\"https:\/\/botam.eu\/wp-content\/uploads\/2019\/12\/ico-mwslit.png\" alt=\"\" class=\"wp-image-65\" srcset=\"https:\/\/botam.eu\/wp-content\/uploads\/2019\/12\/ico-mwslit.png 308w, https:\/\/botam.eu\/wp-content\/uploads\/2019\/12\/ico-mwslit-300x92.png 300w\" sizes=\"auto, (max-width: 308px) 100vw, 308px\" \/><\/figure>\n<\/div>\n\n\n<p class=\"has-text-align-center\">Im Rahmen der Zusammenarbeit mit der Internationalen Hochschule f\u00fcr Logistik und Verkehr in Breslau organisieren wir seit mehreren Jahren Praktika f\u00fcr Studenten in unserem Unternehmen. Dadurch haben sie die M\u00f6glichkeit, von innen zu sehen, wie die Transportbranche funktioniert.<\/p>\n\n\n\n<p class=\"has-text-align-center\"><strong>M\u00f6chten Sie ein Praktikum bei BOTAM EXPRESS absolvieren?<\/strong><br>Schreiben Sie uns eine E-Mail.<\/p>\n\n\n\n<div class=\"wp-block-ugb-container ugb-container ugb-aa14d8e ugb-container--v2 ugb-container--design-basic ugb-container--width-small ugb-main-block\" id=\"\"><style>.ugb-aa14d8e .ugb-aa14d8e-wrapper.ugb-container__wrapper{border-radius:0px !important;background-color:#f5f5f5 !important}.ugb-aa14d8e .ugb-aa14d8e-wrapper.ugb-container__wrapper:before{background-color:#f5f5f5 !important}.ugb-aa14d8e .ugb-aa14d8e-content-wrapper > h1,.ugb-aa14d8e .ugb-aa14d8e-content-wrapper > h2,.ugb-aa14d8e .ugb-aa14d8e-content-wrapper > h3,.ugb-aa14d8e .ugb-aa14d8e-content-wrapper > h4,.ugb-aa14d8e .ugb-aa14d8e-content-wrapper > h5,.ugb-aa14d8e .ugb-aa14d8e-content-wrapper > h6{color:#222222}.ugb-aa14d8e .ugb-aa14d8e-content-wrapper > p,.ugb-aa14d8e .ugb-aa14d8e-content-wrapper > ol li,.ugb-aa14d8e .ugb-aa14d8e-content-wrapper > ul li{color:#222222}<\/style><div class=\"ugb-inner-block\"><div class=\"ugb-block-content\"><div class=\"ugb-container__wrapper ugb-aa14d8e-wrapper ugb--shadow-0\"><div class=\"ugb-container__side\"><div class=\"ugb-container__content-wrapper ugb-aa14d8e-content-wrapper\">\n\n<h2 class=\"wp-block-heading\" style=\"text-align:center\" id=\"zusammenarbeit\">ZUSAMMENARBEIT <\/h2>\n\n\n<div class=\"wp-block-image\"><figure class=\"aligncenter\"><img loading=\"lazy\" decoding=\"async\" width=\"342\" height=\"111\" src=\"https:\/\/botam.eu\/wp-content\/uploads\/2019\/12\/logo-unia-transportu.png\" alt=\"\" class=\"wp-image-107\" srcset=\"https:\/\/botam.eu\/wp-content\/uploads\/2019\/12\/logo-unia-transportu.png 342w, https:\/\/botam.eu\/wp-content\/uploads\/2019\/12\/logo-unia-transportu-300x97.png 300w\" sizes=\"auto, (max-width: 342px) 100vw, 342px\" \/><\/figure><\/div>\n\n\n<p style=\"text-align:center\">Wir geh\u00f6ren der polnischen Transport Union an, die die Entwicklung der Transportindustrie auf dem europ\u00e4ischen Markt unterst\u00fctzt.<\/p>\n\n<\/div><\/div><\/div><\/div><\/div><\/div>\n\n\n\n<div class=\"wp-block-ugb-container ugb-container ugb-6a20016 ugb-container--v2 ugb-container--design-basic ugb-container--width-small ugb-main-block\" id=\"\"><style>.ugb-6a20016 .ugb-6a20016-wrapper.ugb-container__wrapper{border-radius:0px !important;background-color:#01072b !important}.ugb-6a20016 .ugb-6a20016-wrapper.ugb-container__wrapper:before{background-color:#01072b !important}.ugb-6a20016 .ugb-6a20016-content-wrapper > h1,.ugb-6a20016 .ugb-6a20016-content-wrapper > h2,.ugb-6a20016 .ugb-6a20016-content-wrapper > h3,.ugb-6a20016 .ugb-6a20016-content-wrapper > h4,.ugb-6a20016 .ugb-6a20016-content-wrapper > h5,.ugb-6a20016 .ugb-6a20016-content-wrapper > h6{color:#ffffff}.ugb-6a20016 .ugb-6a20016-content-wrapper > p,.ugb-6a20016 .ugb-6a20016-content-wrapper > ol li,.ugb-6a20016 .ugb-6a20016-content-wrapper > ul li{color:#ffffff}.ugb-6a20016 .ugb-inner-block{text-align:center}.ugb-6a20016.ugb-container{margin-top:64px !important}<\/style><div class=\"ugb-inner-block\"><div class=\"ugb-block-content\"><div class=\"ugb-container__wrapper ugb-6a20016-wrapper ugb--shadow-0\"><div class=\"ugb-container__side\"><div class=\"ugb-container__content-wrapper ugb-6a20016-content-wrapper\">\n<div class=\"wp-block-button\"><a class=\"wp-block-button__link\" href=\"#request-call\"> ANGEBOT ANFORDERN <\/a><\/div>\n\n\n\n<h2 class=\"wp-block-heading\">Wir rufen Sie&nbsp;auf Anfrage innerhalb von 7 Minuten zur\u00fcck!<\/h2>\n<\/div><\/div><\/div><\/div><\/div><\/div>\n","protected":false},"excerpt":{"rendered":"<p>In 15 Jahren haben wir Millionen von Kilometern zur\u00fcckgelegt, und expandieren laufend weiter. Die QUALIT\u00c4T von EXPRESS BOTAM wird durch ISO- Zertifikate best\u00e4tigt ISO 9001 Es best\u00e4tigt, dass wir ein&hellip;<\/p>\n","protected":false},"author":1,"featured_media":0,"parent":0,"menu_order":0,"comment_status":"closed","ping_status":"closed","template":"tpl-banner.php","meta":{"_acf_changed":false,"footnotes":""},"class_list":["post-161","page","type-page","status-publish","hentry"],"acf":[],"featured_image_urls_v2":{"full":"","thumbnail":"","medium":"","medium_large":"","large":"","1536x1536":"","2048x2048":"","post-thumbnail":"","thumbnail_square":"","banner":""},"post_excerpt_stackable_v2":"<p>In 15 Jahren haben wir Millionen von Kilometern zur\u00fcckgelegt, und expandieren laufend weiter. 2004 Realisierung des ersten Transportauftrags im Just In Time- System f\u00fcr einen B2B- Kunden in Polen\u2028 2009 Flottenerweiterung und Umsetzung der ersten Auftr\u00e4ge in europ\u00e4ischen L\u00e4ndern\u2028 2015 Einf\u00fchrung eines Qualit\u00e4tsmanagementsystems &#8211; ISO 9001 Zertifikat\u2028 2019 Implementierung des Sicherheitsmanagementsystems f\u00fcr die Lieferkette &#8211; ISO 28000- Zertifikat Die QUALIT\u00c4T von EXPRESS BOTAM wird durch ISO- Zertifikate best\u00e4tigt ISO 9001 Es best\u00e4tigt, dass wir ein wiederholbares und bew\u00e4hrtes Qualit\u00e4tsmanagementsystem verwenden, das auf kontinuierlicher Verbesserung und kundenorientierter Arbeit basiert. Dies ist eine Garantie f\u00fcr einen qualitativ hochwertigen Service f\u00fcr unsere Kunden.&hellip;<\/p>\n","category_list_v2":"","author_info_v2":{"name":"admin@botam","url":"https:\/\/botam.eu\/de\/author\/adminbotam\/"},"comments_num_v2":"0 comments","_links":{"self":[{"href":"https:\/\/botam.eu\/de\/wp-json\/wp\/v2\/pages\/161","targetHints":{"allow":["GET"]}}],"collection":[{"href":"https:\/\/botam.eu\/de\/wp-json\/wp\/v2\/pages"}],"about":[{"href":"https:\/\/botam.eu\/de\/wp-json\/wp\/v2\/types\/page"}],"author":[{"embeddable":true,"href":"https:\/\/botam.eu\/de\/wp-json\/wp\/v2\/users\/1"}],"replies":[{"embeddable":true,"href":"https:\/\/botam.eu\/de\/wp-json\/wp\/v2\/comments?post=161"}],"version-history":[{"count":10,"href":"https:\/\/botam.eu\/de\/wp-json\/wp\/v2\/pages\/161\/revisions"}],"predecessor-version":[{"id":621,"href":"https:\/\/botam.eu\/de\/wp-json\/wp\/v2\/pages\/161\/revisions\/621"}],"wp:attachment":[{"href":"https:\/\/botam.eu\/de\/wp-json\/wp\/v2\/media?parent=161"}],"curies":[{"name":"wp","href":"https:\/\/api.w.org\/{rel}","templated":true}]}}