{"id":146,"date":"2019-12-12T08:22:00","date_gmt":"2019-12-12T07:22:00","guid":{"rendered":"https:\/\/botam.eu\/start\/"},"modified":"2026-02-19T13:33:31","modified_gmt":"2026-02-19T12:33:31","slug":"start","status":"publish","type":"page","link":"https:\/\/botam.eu\/de\/","title":{"rendered":"Start"},"content":{"rendered":"\n<div class=\"wp-block-cover is-light\"><img loading=\"lazy\" decoding=\"async\" width=\"1920\" height=\"760\" class=\"wp-block-cover__image-background wp-image-44\" src=\"https:\/\/botam.eu\/wp-content\/uploads\/2019\/12\/bg-circles.jpg\" data-object-fit=\"cover\" srcset=\"https:\/\/botam.eu\/wp-content\/uploads\/2019\/12\/bg-circles.jpg 1920w, https:\/\/botam.eu\/wp-content\/uploads\/2019\/12\/bg-circles-300x119.jpg 300w, https:\/\/botam.eu\/wp-content\/uploads\/2019\/12\/bg-circles-768x304.jpg 768w, https:\/\/botam.eu\/wp-content\/uploads\/2019\/12\/bg-circles-1024x405.jpg 1024w, https:\/\/botam.eu\/wp-content\/uploads\/2019\/12\/bg-circles-1566x620.jpg 1566w\" sizes=\"auto, (max-width: 1920px) 100vw, 1920px\" \/><span aria-hidden=\"true\" class=\"wp-block-cover__background has-background-dim-0 has-background-dim\"><\/span><div class=\"wp-block-cover__inner-container is-layout-flow wp-block-cover-is-layout-flow\">\n<h1 class=\"wp-block-heading has-white-color has-text-color has-link-color wp-elements-9e3da9fe7a232e8025c0e4f32d63ac93\">SONDERFAHRTEN F\u00dcR B2B<\/h1>\n\n\n\n<p class=\"has-white-color has-text-color has-link-color wp-elements-b7f8df20b6fb073a1896635ab5f97905\">Wir spezialisieren uns  auf rund um die Uhr Warentransporte  im Just In Time System  in der Europ\u00e4ischen Union.<\/p>\n\n\n\n<div class=\"wp-block-button\"><a class=\"wp-block-button__link wp-element-button\" href=\"#request-call\">Auftrag Starten<\/a><\/div>\n<\/div><\/div>\n\n\n\n<h2 class=\"wp-block-heading has-text-align-center\">TERMINGERECHTE LIEFERUNG GARANTIERT<\/h2>\n\n\n\n<p class=\"has-text-align-center has-medium-font-size\"><strong>oder R\u00fcckerstattung der Transportkosten<\/strong><\/p>\n\n\n\n<div class=\"wp-block-columns has-2-columns is-layout-flex wp-container-core-columns-is-layout-9d6595d7 wp-block-columns-is-layout-flex\">\n<div class=\"wp-block-column is-layout-flow wp-block-column-is-layout-flow\">\n<p class=\"has-text-align-center\">T\u00e4glich vertrauen uns Logistikspezialisten Hunderte von Sendungen an und verlassen sich darauf, dass wir diese innerhalb einer genau definierten Zeit liefern.<\/p>\n\n\n\n<p class=\"has-text-align-center\"><strong>Wir haben das in uns gesetzte Vertrauen 15 Jahre lang nicht entt\u00e4uscht.<\/strong><\/p>\n\n\n\n<p class=\"has-text-align-center\">Bei EXPRESS BOTAM ist die rechtzeitige Vertragserf\u00fcllung oberste Maxime.<\/p>\n<\/div>\n\n\n\n<div class=\"wp-block-column is-layout-flow wp-block-column-is-layout-flow\"><div class=\"wp-block-image\">\n<figure class=\"aligncenter\"><img loading=\"lazy\" decoding=\"async\" width=\"193\" height=\"200\" src=\"https:\/\/botam.eu\/wp-content\/uploads\/2019\/12\/ico-100-trusted.png\" alt=\"\" class=\"wp-image-42\"\/><\/figure>\n<\/div><\/div>\n<\/div>\n\n\n\n<div class=\"wp-block-ugb-container ugb-container ugb-1bb6895 ugb-container--v2 ugb-container--design-basic ugb-container--width-small ugb-main-block\" id=\"\"><style>.ugb-1bb6895 .ugb-1bb6895-wrapper.ugb-container__wrapper{border-radius:0px !important;background-color:#01072b !important}.ugb-1bb6895 .ugb-1bb6895-wrapper.ugb-container__wrapper:before{background-color:#01072b !important}.ugb-1bb6895 .ugb-1bb6895-content-wrapper > h1,.ugb-1bb6895 .ugb-1bb6895-content-wrapper > h2,.ugb-1bb6895 .ugb-1bb6895-content-wrapper > h3,.ugb-1bb6895 .ugb-1bb6895-content-wrapper > h4,.ugb-1bb6895 .ugb-1bb6895-content-wrapper > h5,.ugb-1bb6895 .ugb-1bb6895-content-wrapper > h6{color:#ffffff}.ugb-1bb6895 .ugb-1bb6895-content-wrapper > p,.ugb-1bb6895 .ugb-1bb6895-content-wrapper > ol li,.ugb-1bb6895 .ugb-1bb6895-content-wrapper > ul li{color:#ffffff}<\/style><div class=\"ugb-inner-block\"><div class=\"ugb-block-content\"><div class=\"ugb-container__wrapper ugb-1bb6895-wrapper ugb--shadow-0\"><div class=\"ugb-container__side\"><div class=\"ugb-container__content-wrapper ugb-1bb6895-content-wrapper\">\n\n<h2 class=\"wp-block-heading\" style=\"text-align:center\">DOOR TO DOOR SERVICE F\u00dcR UNTERNEHMEN&nbsp;<\/h2>\n\n\n<p style=\"text-align:center\" class=\"has-medium-font-size\">&#8211; EXPRESS BOTAM in Zahlen<\/p>\n\n\n<div class=\"wp-block-columns has-4-columns botam-numbers is-layout-flex wp-container-core-columns-is-layout-9d6595d7 wp-block-columns-is-layout-flex\">\n\n<div class=\"wp-block-column is-layout-flow wp-block-column-is-layout-flow\">\n\n<div class=\"wp-block-image\"><figure class=\"aligncenter\"><img loading=\"lazy\" decoding=\"async\" width=\"210\" height=\"112\" src=\"https:\/\/botam.eu\/wp-content\/uploads\/2019\/12\/stat-1.png\" alt=\"\" class=\"wp-image-88\"\/><\/figure><\/div>\n\n\n<p style=\"text-align:center\" class=\"has-medium-font-size\"><span style=\"color: #ffffff;\" class=\"ugb-highlight\">p\u00fcnktlich gelieferte Sendungen<\/span><\/p>\n\n<\/div>\n\n\n<div class=\"wp-block-column is-layout-flow wp-block-column-is-layout-flow\">\n\n<div class=\"wp-block-image\"><figure class=\"aligncenter\"><img loading=\"lazy\" decoding=\"async\" width=\"210\" height=\"112\" src=\"https:\/\/botam.eu\/wp-content\/uploads\/2019\/12\/stat-2.png\" alt=\"\" class=\"wp-image-89\"\/><\/figure><\/div>\n\n\n<p style=\"text-align:center\" class=\"has-medium-font-size\"><span style=\"color: #ffffff;\" class=\"ugb-highlight\">so lange brauchen wir, um die Lieferzeit und Kosten zu bestimmen<\/span><\/p>\n\n<\/div>\n\n\n<div class=\"wp-block-column is-layout-flow wp-block-column-is-layout-flow\">\n\n<div class=\"wp-block-image\"><figure class=\"aligncenter\"><img loading=\"lazy\" decoding=\"async\" width=\"212\" height=\"112\" src=\"https:\/\/botam.eu\/wp-content\/uploads\/2019\/12\/stat-3.png\" alt=\"\" class=\"wp-image-90\"\/><\/figure><\/div>\n\n\n<p style=\"text-align:center\" class=\"has-medium-font-size\"><span style=\"color: #ffffff;\" class=\"ugb-highlight\">Wir organisieren schnelle Paketabholungen<\/span><\/p>\n\n<\/div>\n\n\n<div class=\"wp-block-column is-layout-flow wp-block-column-is-layout-flow\">\n\n<div class=\"wp-block-image\"><figure class=\"aligncenter\"><img loading=\"lazy\" decoding=\"async\" width=\"210\" height=\"112\" src=\"https:\/\/botam.eu\/wp-content\/uploads\/2019\/12\/stat-4.png\" alt=\"\" class=\"wp-image-91\"\/><\/figure><\/div>\n\n\n<p style=\"text-align:center\" class=\"has-medium-font-size\"><span style=\"color: #ffffff;\" class=\"ugb-highlight\">zur\u00fcckgelegte Kilometer im Jahr 2018<\/span><\/p>\n\n<\/div>\n\n<\/div>\n\n\n<div class=\"wp-block-button aligncenter\"><a class=\"wp-block-button__link\" href=\"https:\/\/botam.eu\/o-nas\/\">\u00dcBER UNS<\/a><\/div>\n\n<\/div><\/div><\/div><\/div><\/div><\/div>\n\n\n\n<h2 class=\"wp-block-heading has-text-align-center\">UNSERE TRANSPORTL\u00d6SUNGEN,<\/h2>\n\n\n\n<p class=\"has-text-align-center has-medium-font-size\">die Ihren Anforderungen entsprechen<\/p>\n\n\n\n<div class=\"wp-block-columns has-3-columns is-layout-flex wp-container-core-columns-is-layout-9d6595d7 wp-block-columns-is-layout-flex\">\n<div class=\"wp-block-column is-layout-flow wp-block-column-is-layout-flow\"><div class=\"wp-block-image\">\n<figure class=\"aligncenter\"><img loading=\"lazy\" decoding=\"async\" width=\"137\" height=\"120\" src=\"https:\/\/botam.eu\/wp-content\/uploads\/2019\/12\/ico-fleet.png\" alt=\"\" class=\"wp-image-63\"\/><\/figure>\n<\/div>\n\n\n<p class=\"has-text-align-center\"><strong>MODERNE FLOTTE<\/strong><br>Unsere Flotte besteht aus Neuwagen, die nicht l\u00e4nger als 3 Jahre in Betrieb sind.<br>Aufgrund ihrer Vielf\u00e4ltigkeit k\u00f6nnen wir 1 bis 1200 kg transportieren.<br><\/p>\n<\/div>\n\n\n\n<div class=\"wp-block-column is-layout-flow wp-block-column-is-layout-flow\"><div class=\"wp-block-image\">\n<figure class=\"aligncenter\"><img loading=\"lazy\" decoding=\"async\" width=\"132\" height=\"120\" src=\"https:\/\/botam.eu\/wp-content\/uploads\/2019\/12\/2-floor-system.png\" alt=\"\" class=\"wp-image-73\"\/><\/figure>\n<\/div>\n\n\n<p class=\"has-text-align-center\"><strong>DOPPELBODEN<\/strong><br>Dank dieser L\u00f6sung transportieren wir 40% mehr Waren zum gleichen Preis. Bei EXPRESS BOTAM zahlen Sie f\u00fcr die Strecke, die unser Fahrer zur\u00fccklegt- nicht f\u00fcr die Anzahl der versendeten Pakete.<\/p>\n<\/div>\n\n\n\n<div class=\"wp-block-column is-layout-flow wp-block-column-is-layout-flow\"><div class=\"wp-block-image\">\n<figure class=\"aligncenter\"><img loading=\"lazy\" decoding=\"async\" width=\"163\" height=\"120\" src=\"https:\/\/botam.eu\/wp-content\/uploads\/2019\/12\/innolift.png\" alt=\"\" class=\"wp-image-69\"\/><\/figure>\n<\/div>\n\n\n<p class=\"has-text-align-center\"><strong>SELBSTLADENDE STAPLER<\/strong><br>Unabh\u00e4ngiges Be- und Entladen von Waren ist f\u00fcr uns kein Problem.<br>Dank INNOLIFT Selbstladestapler k\u00f6nnen wir jede Sendung auftragsgem\u00e4\u00df abwickeln.<\/p>\n<\/div>\n<\/div>\n\n\n\n<div class=\"wp-block-ugb-container ugb-container ugb-34864e1 ugb-container--v2 ugb-container--design-basic ugb-container--width-small ugb-main-block ugb--has-top-separator\" id=\"\"><style>.ugb-34864e1 .ugb-34864e1-wrapper.ugb-container__wrapper{border-radius:0px !important;background-color:#f5f5f5 !important}.ugb-34864e1 .ugb-34864e1-wrapper.ugb-container__wrapper:before{background-color:#f5f5f5 !important}.ugb-34864e1 .ugb-34864e1-content-wrapper > h1,.ugb-34864e1 .ugb-34864e1-content-wrapper > h2,.ugb-34864e1 .ugb-34864e1-content-wrapper > h3,.ugb-34864e1 .ugb-34864e1-content-wrapper > h4,.ugb-34864e1 .ugb-34864e1-content-wrapper > h5,.ugb-34864e1 .ugb-34864e1-content-wrapper > h6{color:#222222}.ugb-34864e1 .ugb-34864e1-content-wrapper > p,.ugb-34864e1 .ugb-34864e1-content-wrapper > ol li,.ugb-34864e1 .ugb-34864e1-content-wrapper > ul li{color:#222222}.ugb-34864e1 .ugb-top-separator svg{fill:#eeeeee}.ugb-34864e1 .ugb-top-separator .ugb-separator-wrapper{height:46px}<\/style><div class=\"ugb-top-separator\"><div class=\"ugb-separator-wrapper\"><svg viewbox=\"0 0 1600 200\" xmlns=\"http:\/\/www.w3.org\/2000\/svg\" class=\"ugb-separator__layer-1\" preserveaspectratio=\"none\" aria-hidden=\"true\"><path class=\"slant-2_svg__st1\" d=\"M1610 39.2V209H-10V39.2l810 118.9 810-118.9z\"><\/path><\/svg><\/div><\/div><div class=\"ugb-inner-block\"><div class=\"ugb-block-content\"><div class=\"ugb-container__wrapper ugb-34864e1-wrapper ugb--shadow-0\"><div class=\"ugb-container__side\"><div class=\"ugb-container__content-wrapper ugb-34864e1-content-wrapper\">\n\n<div class=\"wp-block-columns has-2-columns is-layout-flex wp-container-core-columns-is-layout-9d6595d7 wp-block-columns-is-layout-flex\">\n\n<div class=\"wp-block-column is-layout-flow wp-block-column-is-layout-flow\">\n\n<h3 class=\"wp-block-heading\" style=\"text-align:center\">Warum haben uns&nbsp; <\/h3>\n\n\n<p style=\"text-align:center\" class=\"has-medium-font-size\">Supply Chain Manager aus den Branchen: Automotive, Metallurgie oder Pharmazie ausgew\u00e4hlt?<\/p>\n\n<\/div>\n\n\n<div class=\"wp-block-column is-layout-flow wp-block-column-is-layout-flow\">\n\n\n\n<\/div>\n\n<\/div>\n\n<\/div><\/div><\/div><\/div><\/div><\/div>\n\n\n\n<div class=\"wp-block-ugb-container ugb-container botam-live ugb-079221b ugb-container--v2 ugb-container--design-basic ugb-container--width-small ugb-main-block\" id=\"\"><style>.ugb-079221b .ugb-079221b-wrapper.ugb-container__wrapper{border-radius:0px !important;background-color:#313131 !important;background-image:url(https:\/\/botam.eu\/wp-content\/uploads\/2019\/12\/bg-aerial.jpg)}.ugb-079221b .ugb-079221b-wrapper.ugb-container__wrapper:before{background-color:#313131 !important;opacity:0}.ugb-079221b .ugb-079221b-content-wrapper > h1,.ugb-079221b .ugb-079221b-content-wrapper > h2,.ugb-079221b .ugb-079221b-content-wrapper > h3,.ugb-079221b .ugb-079221b-content-wrapper > h4,.ugb-079221b .ugb-079221b-content-wrapper > h5,.ugb-079221b .ugb-079221b-content-wrapper > h6{color:#ffffff}.ugb-079221b .ugb-079221b-content-wrapper > p,.ugb-079221b .ugb-079221b-content-wrapper > ol li,.ugb-079221b .ugb-079221b-content-wrapper > ul li{color:#ffffff}<\/style><div class=\"ugb-inner-block\"><div class=\"ugb-block-content\"><div class=\"ugb-container__wrapper ugb-079221b-wrapper ugb--shadow-0 ugb--has-background-overlay\"><div class=\"ugb-container__side\"><div class=\"ugb-container__content-wrapper ugb-079221b-content-wrapper\">\n\n<div class=\"wp-block-columns has-2-columns is-layout-flex wp-container-core-columns-is-layout-9d6595d7 wp-block-columns-is-layout-flex\">\n\n<div class=\"wp-block-column is-layout-flow wp-block-column-is-layout-flow\">\n\n<figure class=\"wp-block-image\"><img loading=\"lazy\" decoding=\"async\" width=\"268\" height=\"120\" src=\"https:\/\/botam.eu\/wp-content\/uploads\/2019\/12\/botam-live-1.png\" alt=\"\" class=\"wp-image-77\"\/><\/figure>\n\n<\/div>\n\n\n<div class=\"wp-block-column is-layout-flow wp-block-column-is-layout-flow\">\n\n<p style=\"text-align:center\"><strong><span style=\"color: #ffffff;\" class=\"ugb-highlight\">M\u00f6chten Sie wissen, wo sich Ihr Paket befindet? <\/span><\/strong><span style=\"color: #ffffff;\" class=\"ugb-highlight\"><br> Wir stellen Ihnen einen speziellen Link zur Verf\u00fcgung, mit dem Sie den aktuellen Standort des Fahrzeugs, das die Ware bef\u00f6rdert, \u00fcberpr\u00fcfen k\u00f6nnen. <\/span><\/p>\n\n<\/div>\n\n<\/div>\n\n\n<p><\/p>\n\n<\/div><\/div><\/div><\/div><\/div><\/div>\n","protected":false},"excerpt":{"rendered":"<p>TERMINGERECHTE LIEFERUNG GARANTIERT oder R\u00fcckerstattung der Transportkosten T\u00e4glich vertrauen uns Logistikspezialisten Hunderte von Sendungen an und verlassen sich darauf, dass wir diese innerhalb einer genau definierten Zeit liefern. Wir haben&hellip;<\/p>\n","protected":false},"author":1,"featured_media":0,"parent":0,"menu_order":0,"comment_status":"closed","ping_status":"closed","template":"tpl-banner.php","meta":{"_acf_changed":false,"footnotes":""},"class_list":["post-146","page","type-page","status-publish","hentry"],"acf":[],"featured_image_urls_v2":{"full":"","thumbnail":"","medium":"","medium_large":"","large":"","1536x1536":"","2048x2048":"","post-thumbnail":"","thumbnail_square":"","banner":""},"post_excerpt_stackable_v2":"<p>SONDERFAHRTEN F\u00dcR B2B Wir spezialisieren uns auf rund um die Uhr Warentransporte im Just In Time System in der Europ\u00e4ischen Union. Auftrag Starten TERMINGERECHTE LIEFERUNG GARANTIERT oder R\u00fcckerstattung der Transportkosten T\u00e4glich vertrauen uns Logistikspezialisten Hunderte von Sendungen an und verlassen sich darauf, dass wir diese innerhalb einer genau definierten Zeit liefern. Wir haben das in uns gesetzte Vertrauen 15 Jahre lang nicht entt\u00e4uscht. Bei EXPRESS BOTAM ist die rechtzeitige Vertragserf\u00fcllung oberste Maxime. DOOR TO DOOR SERVICE F\u00dcR UNTERNEHMEN&nbsp; &#8211; EXPRESS BOTAM in Zahlen p\u00fcnktlich gelieferte Sendungen so lange brauchen wir, um die Lieferzeit und Kosten zu bestimmen Wir organisieren schnelle&hellip;<\/p>\n","category_list_v2":"","author_info_v2":{"name":"admin@botam","url":"https:\/\/botam.eu\/de\/author\/adminbotam\/"},"comments_num_v2":"0 comments","_links":{"self":[{"href":"https:\/\/botam.eu\/de\/wp-json\/wp\/v2\/pages\/146","targetHints":{"allow":["GET"]}}],"collection":[{"href":"https:\/\/botam.eu\/de\/wp-json\/wp\/v2\/pages"}],"about":[{"href":"https:\/\/botam.eu\/de\/wp-json\/wp\/v2\/types\/page"}],"author":[{"embeddable":true,"href":"https:\/\/botam.eu\/de\/wp-json\/wp\/v2\/users\/1"}],"replies":[{"embeddable":true,"href":"https:\/\/botam.eu\/de\/wp-json\/wp\/v2\/comments?post=146"}],"version-history":[{"count":13,"href":"https:\/\/botam.eu\/de\/wp-json\/wp\/v2\/pages\/146\/revisions"}],"predecessor-version":[{"id":617,"href":"https:\/\/botam.eu\/de\/wp-json\/wp\/v2\/pages\/146\/revisions\/617"}],"wp:attachment":[{"href":"https:\/\/botam.eu\/de\/wp-json\/wp\/v2\/media?parent=146"}],"curies":[{"name":"wp","href":"https:\/\/api.w.org\/{rel}","templated":true}]}}